{"id":523,"date":"2017-08-09T05:05:15","date_gmt":"2017-08-09T05:05:15","guid":{"rendered":"http:\/\/rushmore.wpcolorlab.com\/?page_id=523"},"modified":"2025-12-07T22:26:46","modified_gmt":"2025-12-07T21:26:46","slug":"future-member","status":"publish","type":"page","link":"https:\/\/mim.agh.edu.pl\/?page_id=523","title":{"rendered":"Join us"},"content":{"rendered":"\t\t<div data-elementor-type=\"wp-post\" data-elementor-id=\"523\" class=\"elementor elementor-523\">\n\t\t\t\t\t\t<section class=\"elementor-section elementor-top-section elementor-element elementor-element-0ad23fe elementor-section-boxed elementor-section-height-default elementor-section-height-default\" data-id=\"0ad23fe\" data-element_type=\"section\">\n\t\t\t\t\t\t<div class=\"elementor-container elementor-column-gap-default\">\n\t\t\t\t\t<div class=\"elementor-column elementor-col-50 elementor-top-column elementor-element elementor-element-b843016\" data-id=\"b843016\" data-element_type=\"column\">\n\t\t\t<div class=\"elementor-widget-wrap elementor-element-populated\">\n\t\t\t\t\t\t<div class=\"elementor-element elementor-element-ca0c620 elementor-widget elementor-widget-text-editor\" data-id=\"ca0c620\" data-element_type=\"widget\" data-widget_type=\"text-editor.default\">\n\t\t\t\t<div class=\"elementor-widget-container\">\n\t\t\t\t\t\t\t\t\t<p>A number of projects aiming to develop and optimize novel materials,\u00a0 electrochemical sensors, nondestructive methods and devices for diagnosis of reinforcement corrosion, 3D characterization of materials nano\/microstructure are currently available in the laboratory. Postdoctoral researchers, research higher degree (PhD, MSc), honours and undergraduate students are welcome to join our group.<\/p>\t\t\t\t\t\t\t\t<\/div>\n\t\t\t\t<\/div>\n\t\t\t\t<div class=\"elementor-element elementor-element-8ed6270 elementor-widget elementor-widget-heading\" data-id=\"8ed6270\" data-element_type=\"widget\" data-widget_type=\"heading.default\">\n\t\t\t\t<div class=\"elementor-widget-container\">\n\t\t\t\t\t<h2 class=\"elementor-heading-title elementor-size-default\">Masters, MSc<\/h2>\t\t\t\t<\/div>\n\t\t\t\t<\/div>\n\t\t\t\t<div class=\"elementor-element elementor-element-5b6a4f7 elementor-widget elementor-widget-text-editor\" data-id=\"5b6a4f7\" data-element_type=\"widget\" data-widget_type=\"text-editor.default\">\n\t\t\t\t<div class=\"elementor-widget-container\">\n\t\t\t\t\t\t\t\t\t<p>The student is required to have a good understanding of materials science, mathematical modelling and numerical methods.\u00a0 He\/She will need to demonstrate adaptability to the multidisciplinary nature of the projects. Students are encouraged to contact <a href=\"mailto:rof@agh.edu.pl\">Prof. Robert Filipek<\/a> to express his\/her interest.<\/p><p>\u00a0<\/p>\t\t\t\t\t\t\t\t<\/div>\n\t\t\t\t<\/div>\n\t\t\t\t<div class=\"elementor-element elementor-element-1426d91 elementor-widget elementor-widget-text-editor\" data-id=\"1426d91\" data-element_type=\"widget\" data-widget_type=\"text-editor.default\">\n\t\t\t\t<div class=\"elementor-widget-container\">\n\t\t\t\t\t\t\t\t\t<h3><span style=\"color: var( --e-global-color-text ); font-family: var( --e-global-typography-text-font-family ), Sans-serif; font-weight: var( --e-global-typography-text-font-weight );\">A list of MSc topics 2025\/26 (in Polish)<\/span><\/h3>\t\t\t\t\t\t\t\t<\/div>\n\t\t\t\t<\/div>\n\t\t\t\t<div class=\"elementor-element elementor-element-7277e58 elementor-widget elementor-widget-text-editor\" data-id=\"7277e58\" data-element_type=\"widget\" data-widget_type=\"text-editor.default\">\n\t\t\t\t<div class=\"elementor-widget-container\">\n\t\t\t\t\t\t\t\t\t<ol><li><span style=\"color: #000000; font-family: Verdana, sans-serif; font-size: 10pt;\">Badania tr\u00f3jwymiarowej mikrostruktury materia\u0142\u00f3w do\u00a0konwersji \/ magazynowania energii metod\u0105 tomografii komputerowej<\/span><\/li><li><span style=\"color: #000000; font-family: Verdana, sans-serif; font-size: 10pt;\">Wp\u0142yw mikrostruktury materia\u0142\u00f3w cementowych na wnikanie depasywator\u00f3w<\/span><\/li><li><span style=\"color: #000000; font-family: Verdana, sans-serif; font-size: 10pt;\">Funkcjonalizacja materia\u0142\u00f3w na bazie Mg2Si metod\u0105 SHS<\/span><\/li><li><span style=\"font-family: Verdana, sans-serif; font-size: 10pt; color: #000000;\">Wykorzystanie\u00a0\u015brodowiska obliczeniowego COMSOL do modelowania rozk\u0142adu st\u0119\u017ce\u0144 sk\u0142adnik\u00f3w<br \/>elektrolitu oraz potencja\u0142u elektrycznego w ogniwie litowo-jonowym w trakcie<br \/>procesu \u0142adowania ogniwa<\/span><\/li><li><span style=\"font-family: Verdana, sans-serif; font-size: 10pt; color: #000000;\">Tr\u00f3jwymiarowe\u00a0numeryczne modelowanie korozji stali w konstrukcjach \u017celbetowych<\/span><\/li><\/ol>\t\t\t\t\t\t\t\t<\/div>\n\t\t\t\t<\/div>\n\t\t\t\t<div class=\"elementor-element elementor-element-bc60db7 elementor-widget elementor-widget-heading\" data-id=\"bc60db7\" data-element_type=\"widget\" data-widget_type=\"heading.default\">\n\t\t\t\t<div class=\"elementor-widget-container\">\n\t\t\t\t\t<h2 class=\"elementor-heading-title elementor-size-default\">PHD<\/h2>\t\t\t\t<\/div>\n\t\t\t\t<\/div>\n\t\t\t\t<div class=\"elementor-element elementor-element-ff4c955 elementor-widget elementor-widget-text-editor\" data-id=\"ff4c955\" data-element_type=\"widget\" data-widget_type=\"text-editor.default\">\n\t\t\t\t<div class=\"elementor-widget-container\">\n\t\t\t\t\t\t\t\t\t<p>PhD opportunities with government and university-funded scholarships are available each year, both to domestic and international students. Students are encouraged to contact <a href=\"mailto:rof@agh.edu.pl\">Prof. Robert Filipek<\/a> to express his\/her interest.<\/p>\t\t\t\t\t\t\t\t<\/div>\n\t\t\t\t<\/div>\n\t\t\t\t<div class=\"elementor-element elementor-element-949ea48 sciencex-heading-title-with-background default elementor-widget elementor-widget-sciencex-title\" data-id=\"949ea48\" data-element_type=\"widget\" data-widget_type=\"sciencex-title.default\">\n\t\t\t\t<div class=\"elementor-widget-container\">\n\t\t\t\t\t\n\t\t<div class=\"sciencex-title-content-wrapper\">\n\t\t\t\t\t\t\t<h3 class=\"sciencex-heading-title\">Key criteria <\/h3>\t\t\t\t\t\t\t\t<\/div>\n\n    \t\t\t\t<\/div>\n\t\t\t\t<\/div>\n\t\t\t\t<div class=\"elementor-element elementor-element-378b633 elementor-widget elementor-widget-text-editor\" data-id=\"378b633\" data-element_type=\"widget\" data-widget_type=\"text-editor.default\">\n\t\t\t\t<div class=\"elementor-widget-container\">\n\t\t\t\t\t\t\t\t\t<p><strong>Domestic students<\/strong> \u2013The students should have MSc and strong academic track record (including research and write-up) with first class honours. The student\u2019s research and academic background might be in one or more of materials science, chemistry, nanotechnology, microfluidics, and related disciplines.<\/p><p><strong>International students<\/strong> \u2013 For an international student, she\/he is expected to have masters and honours degrees with very strong academic and research background in a relevant field.\u00a0 She\/he is also expected to have research articles in high impact journal of the field.<\/p>\t\t\t\t\t\t\t\t<\/div>\n\t\t\t\t<\/div>\n\t\t\t\t<div class=\"elementor-element elementor-element-a8c427b elementor-widget elementor-widget-heading\" data-id=\"a8c427b\" data-element_type=\"widget\" data-widget_type=\"heading.default\">\n\t\t\t\t<div class=\"elementor-widget-container\">\n\t\t\t\t\t<h2 class=\"elementor-heading-title elementor-size-default\">Postdoctoral Fellow<\/h2>\t\t\t\t<\/div>\n\t\t\t\t<\/div>\n\t\t\t\t<div class=\"elementor-element elementor-element-1de7d56 elementor-widget elementor-widget-text-editor\" data-id=\"1de7d56\" data-element_type=\"widget\" data-widget_type=\"text-editor.default\">\n\t\t\t\t<div class=\"elementor-widget-container\">\n\t\t\t\t\t\t\t\t\t<p>Postdoctoral\u00a0opportunities are available each year, both to domestic and international students. Students are encouraged to contact <a href=\"mailto:rof@agh.edu.pl\">Prof. Robert Filipek<\/a> for further information.<\/p>\t\t\t\t\t\t\t\t<\/div>\n\t\t\t\t<\/div>\n\t\t\t\t<div class=\"elementor-element elementor-element-34c291b sciencex-heading-title-with-background default elementor-widget elementor-widget-sciencex-title\" data-id=\"34c291b\" data-element_type=\"widget\" data-widget_type=\"sciencex-title.default\">\n\t\t\t\t<div class=\"elementor-widget-container\">\n\t\t\t\t\t\n\t\t<div class=\"sciencex-title-content-wrapper\">\n\t\t\t\t\t\t\t<h3 class=\"sciencex-heading-title\">Key criteria <\/h3>\t\t\t\t\t\t\t\t<\/div>\n\n    \t\t\t\t<\/div>\n\t\t\t\t<\/div>\n\t\t\t\t<div class=\"elementor-element elementor-element-f7f6506 elementor-widget elementor-widget-text-editor\" data-id=\"f7f6506\" data-element_type=\"widget\" data-widget_type=\"text-editor.default\">\n\t\t\t\t<div class=\"elementor-widget-container\">\n\t\t\t\t\t\t\t\t\t<p><strong>Domestic students<\/strong> \u2013The students should have PhD and strong academic track record (including research and write-up) with first class honours. The student\u2019s research and academic background might be in materials science and modelling and related life science disciplines.<\/p><p><strong>International students<\/strong>\u00a0\u2013 She\/he is expected to have PhD and honours degrees with very strong academic and research background in a relevant field.\u00a0 She\/he is also expected to have research articles in high impact journal of the field.<\/p>\t\t\t\t\t\t\t\t<\/div>\n\t\t\t\t<\/div>\n\t\t\t\t\t<\/div>\n\t\t<\/div>\n\t\t\t\t<div class=\"elementor-column elementor-col-50 elementor-top-column elementor-element elementor-element-407e982c\" data-id=\"407e982c\" data-element_type=\"column\">\n\t\t\t<div class=\"elementor-widget-wrap elementor-element-populated\">\n\t\t\t\t\t\t<div class=\"elementor-element elementor-element-703972e3 sciencex-heading-title-with-background default elementor-widget elementor-widget-sciencex-title\" data-id=\"703972e3\" data-element_type=\"widget\" data-widget_type=\"sciencex-title.default\">\n\t\t\t\t<div class=\"elementor-widget-container\">\n\t\t\t\t\t\n\t\t<div class=\"sciencex-title-content-wrapper\">\n\t\t\t\t\t\t\t<h4 class=\"sciencex-heading-title\">Address <\/h4>\t\t\t\t\t\t\t\t<\/div>\n\n    \t\t\t\t<\/div>\n\t\t\t\t<\/div>\n\t\t\t\t<div class=\"elementor-element elementor-element-2803f799 elementor-widget elementor-widget-text-editor\" data-id=\"2803f799\" data-element_type=\"widget\" data-widget_type=\"text-editor.default\">\n\t\t\t\t<div class=\"elementor-widget-container\">\n\t\t\t\t\t\t\t\t\t<p>Prof. Robert Filipek, D.Sc., Ph.D.<br \/>Faculty of Materials Science and Ceramics, AGH University of Science and Technology, 30-059 Krak\u00f3w, 30 Mickiewicza Av.<br \/>Poland<\/p>\t\t\t\t\t\t\t\t<\/div>\n\t\t\t\t<\/div>\n\t\t\t\t<div class=\"elementor-element elementor-element-241fddb4 sciencex-heading-title-with-background default elementor-widget elementor-widget-sciencex-title\" data-id=\"241fddb4\" data-element_type=\"widget\" data-widget_type=\"sciencex-title.default\">\n\t\t\t\t<div class=\"elementor-widget-container\">\n\t\t\t\t\t\n\t\t<div class=\"sciencex-title-content-wrapper\">\n\t\t\t\t\t\t\t<h4 class=\"sciencex-heading-title\">Contact Information <\/h4>\t\t\t\t\t\t\t\t<\/div>\n\n    \t\t\t\t<\/div>\n\t\t\t\t<\/div>\n\t\t\t\t<div class=\"elementor-element elementor-element-7fbb740d elementor-widget elementor-widget-text-editor\" data-id=\"7fbb740d\" data-element_type=\"widget\" data-widget_type=\"text-editor.default\">\n\t\t\t\t<div class=\"elementor-widget-container\">\n\t\t\t\t\t\t\t\t\t<p><strong>Call:<\/strong> +48 12 6173231<\/p><p><strong>Fax:<\/strong> +48 12 6172493<\/p><p><strong>Email:<\/strong> <a href=\"mailto:rof@agh.edu.pl\">rof@agh.edu.pl<\/a><\/p>\t\t\t\t\t\t\t\t<\/div>\n\t\t\t\t<\/div>\n\t\t\t\t<div class=\"elementor-element elementor-element-5026349b elementor-align-center elementor-widget elementor-widget-button\" data-id=\"5026349b\" data-element_type=\"widget\" data-widget_type=\"button.default\">\n\t\t\t\t<div class=\"elementor-widget-container\">\n\t\t\t\t\t\t\t\t\t<div class=\"elementor-button-wrapper\">\n\t\t\t\t\t<a class=\"elementor-button elementor-button-link elementor-size-xs\" href=\"mailto:rof@agh.edu.pl\">\n\t\t\t\t\t\t<span class=\"elementor-button-content-wrapper\">\n\t\t\t\t\t\t\t\t\t<span class=\"elementor-button-text\">Contact us<\/span>\n\t\t\t\t\t<\/span>\n\t\t\t\t\t<\/a>\n\t\t\t\t<\/div>\n\t\t\t\t\t\t\t\t<\/div>\n\t\t\t\t<\/div>\n\t\t\t\t\t<\/div>\n\t\t<\/div>\n\t\t\t\t\t<\/div>\n\t\t<\/section>\n\t\t\t\t<section class=\"elementor-section elementor-top-section elementor-element elementor-element-5cef133 elementor-section-boxed elementor-section-height-default elementor-section-height-default\" data-id=\"5cef133\" data-element_type=\"section\">\n\t\t\t\t\t\t<div class=\"elementor-container elementor-column-gap-default\">\n\t\t\t\t\t<div class=\"elementor-column elementor-col-100 elementor-top-column elementor-element elementor-element-71c8ad3\" data-id=\"71c8ad3\" data-element_type=\"column\">\n\t\t\t<div class=\"elementor-widget-wrap\">\n\t\t\t\t\t\t\t<\/div>\n\t\t<\/div>\n\t\t\t\t\t<\/div>\n\t\t<\/section>\n\t\t\t\t<\/div>\n\t\t","protected":false},"excerpt":{"rendered":"<p>A number of projects aiming to develop and optimize novel materials,\u00a0 electrochemical sensors, nondestructive methods and devices for diagnosis of reinforcement corrosion, 3D characterization of materials nano\/microstructure are currently available in the laboratory. Postdoctoral researchers, research higher degree (PhD, MSc), honours and undergraduate students are welcome to join our group. Masters, MSc The student is [&hellip;]<\/p>\n","protected":false},"author":1,"featured_media":1930,"parent":0,"menu_order":0,"comment_status":"closed","ping_status":"closed","template":"","meta":{"footnotes":""},"class_list":["post-523","page","type-page","status-publish","has-post-thumbnail","hentry"],"_links":{"self":[{"href":"https:\/\/mim.agh.edu.pl\/index.php?rest_route=\/wp\/v2\/pages\/523","targetHints":{"allow":["GET"]}}],"collection":[{"href":"https:\/\/mim.agh.edu.pl\/index.php?rest_route=\/wp\/v2\/pages"}],"about":[{"href":"https:\/\/mim.agh.edu.pl\/index.php?rest_route=\/wp\/v2\/types\/page"}],"author":[{"embeddable":true,"href":"https:\/\/mim.agh.edu.pl\/index.php?rest_route=\/wp\/v2\/users\/1"}],"replies":[{"embeddable":true,"href":"https:\/\/mim.agh.edu.pl\/index.php?rest_route=%2Fwp%2Fv2%2Fcomments&post=523"}],"version-history":[{"count":58,"href":"https:\/\/mim.agh.edu.pl\/index.php?rest_route=\/wp\/v2\/pages\/523\/revisions"}],"predecessor-version":[{"id":5045,"href":"https:\/\/mim.agh.edu.pl\/index.php?rest_route=\/wp\/v2\/pages\/523\/revisions\/5045"}],"wp:featuredmedia":[{"embeddable":true,"href":"https:\/\/mim.agh.edu.pl\/index.php?rest_route=\/wp\/v2\/media\/1930"}],"wp:attachment":[{"href":"https:\/\/mim.agh.edu.pl\/index.php?rest_route=%2Fwp%2Fv2%2Fmedia&parent=523"}],"curies":[{"name":"wp","href":"https:\/\/api.w.org\/{rel}","templated":true}]}}