{"id":2644,"date":"2020-08-18T00:30:55","date_gmt":"2020-08-17T22:30:55","guid":{"rendered":"https:\/\/mim.agh.edu.pl\/?page_id=2644"},"modified":"2022-10-21T09:11:53","modified_gmt":"2022-10-21T07:11:53","slug":"projektowanie-materialow","status":"publish","type":"page","link":"https:\/\/mim.agh.edu.pl\/?page_id=2644","title":{"rendered":"Projektowanie materia\u0142\u00f3w &#8230;"},"content":{"rendered":"\t\t<div data-elementor-type=\"wp-page\" data-elementor-id=\"2644\" class=\"elementor elementor-2644\">\n\t\t\t\t\t\t<section class=\"elementor-section elementor-top-section elementor-element elementor-element-443a7e6 elementor-section-boxed elementor-section-height-default elementor-section-height-default\" data-id=\"443a7e6\" data-element_type=\"section\">\n\t\t\t\t\t\t<div class=\"elementor-container elementor-column-gap-default\">\n\t\t\t\t\t<div class=\"elementor-column elementor-col-100 elementor-top-column elementor-element elementor-element-a26298e\" data-id=\"a26298e\" data-element_type=\"column\">\n\t\t\t<div class=\"elementor-widget-wrap elementor-element-populated\">\n\t\t\t\t\t\t<div class=\"elementor-element elementor-element-2ccd820 elementor-widget elementor-widget-heading\" data-id=\"2ccd820\" data-element_type=\"widget\" data-widget_type=\"heading.default\">\n\t\t\t\t<div class=\"elementor-widget-container\">\n\t\t\t\t\t<h2 class=\"elementor-heading-title elementor-size-default\">Projektowanie Materia\u0142\u00f3w i Komputerowa Nauka o Materia\u0142ach<\/h2>\t\t\t\t<\/div>\n\t\t\t\t<\/div>\n\t\t\t\t\t<\/div>\n\t\t<\/div>\n\t\t\t\t\t<\/div>\n\t\t<\/section>\n\t\t\t\t<section class=\"elementor-section elementor-top-section elementor-element elementor-element-9c92d60 elementor-section-boxed elementor-section-height-default elementor-section-height-default\" data-id=\"9c92d60\" data-element_type=\"section\">\n\t\t\t\t\t\t<div class=\"elementor-container elementor-column-gap-default\">\n\t\t\t\t\t<div class=\"elementor-column elementor-col-100 elementor-top-column elementor-element elementor-element-c372753\" data-id=\"c372753\" data-element_type=\"column\">\n\t\t\t<div class=\"elementor-widget-wrap elementor-element-populated\">\n\t\t\t\t\t\t<div class=\"elementor-element elementor-element-158dbe9 elementor-widget elementor-widget-text-editor\" data-id=\"158dbe9\" data-element_type=\"widget\" data-widget_type=\"text-editor.default\">\n\t\t\t\t<div class=\"elementor-widget-container\">\n\t\t\t\t\t\t\t\t\t<p>Kierunek: <strong>In\u017cynieria Materia\u0142owa<\/strong><\/p><p>Poziom studi\u00f3w: <strong>Studia I stopnia<\/strong><\/p><p>Semestr: <strong>6<\/strong><\/p><p>Forma studi\u00f3w: <strong>Stacjonarne<\/strong><\/p><p>Odpowiedzialny za modu\u0142: <strong>Prof. dr hab. in\u017c. <\/strong><strong>\u00a0Filipek Robert (rof@agh.edu.pl)<\/strong><\/p><p>Prowadz\u0105cy modu\u0142:<\/p><ul><li>Wyk\u0142ad: <strong>Prof. dr hab. in\u017c. Filipek Robert<\/strong><\/li><li>Seminarium: <strong>dr in\u017c. Jerzy Jasielec, dr in\u017c. Marek Zajusz<\/strong><\/li><li>Projekt: <strong>dr hab. in\u017c. Witold Kucza, dr in\u017c. Jerzy Jasielec<\/strong>\u00a0<\/li><\/ul><p><a href=\"https:\/\/mim.agh.edu.pl\/wp-content\/uploads\/2021\/09\/PMiKNoM-IM-202122.pdf\" target=\"_blank\" rel=\"noopener\">Syllabus<\/a><\/p>\t\t\t\t\t\t\t\t<\/div>\n\t\t\t\t<\/div>\n\t\t\t\t\t<\/div>\n\t\t<\/div>\n\t\t\t\t\t<\/div>\n\t\t<\/section>\n\t\t\t\t<section class=\"elementor-section elementor-top-section elementor-element elementor-element-087836c elementor-section-boxed elementor-section-height-default elementor-section-height-default\" data-id=\"087836c\" data-element_type=\"section\">\n\t\t\t\t\t\t<div class=\"elementor-container elementor-column-gap-default\">\n\t\t\t\t\t<div class=\"elementor-column elementor-col-100 elementor-top-column elementor-element elementor-element-2c0c5d5\" data-id=\"2c0c5d5\" data-element_type=\"column\">\n\t\t\t<div class=\"elementor-widget-wrap elementor-element-populated\">\n\t\t\t\t\t\t<div class=\"elementor-element elementor-element-6d12b49 elementor-widget elementor-widget-text-editor\" data-id=\"6d12b49\" data-element_type=\"widget\" data-widget_type=\"text-editor.default\">\n\t\t\t\t<div class=\"elementor-widget-container\">\n\t\t\t\t\t\t\t\t\t<p>Kierunek: <strong>Chemia Budowlana<\/strong><\/p><p>Poziom studi\u00f3w: <strong>Studia I stopnia<\/strong><\/p><p>Semestr: <strong>4<\/strong><\/p><p>Forma studi\u00f3w: <strong>Stacjonarne<\/strong><\/p><p>Odpowiedzialny za modu\u0142: <strong>Prof. dr hab. in\u017c. <\/strong><strong>\u00a0Filipek Robert (rof@agh.edu.pl)<\/strong><\/p><p>Prowadz\u0105cy modu\u0142:<\/p><ul><li>Wyk\u0142ad: <strong>Prof. dr hab. in\u017c. <\/strong><strong>\u00a0Filipek Robert<\/strong><\/li><li>Seminarium: <strong>dr in\u017c. Jerzy Jasielec<\/strong><\/li><li>Projekt: <strong>dr in\u017c. Jerzy Jasielec<\/strong>\u00a0<\/li><\/ul><p><a href=\"https:\/\/mim.agh.edu.pl\/wp-content\/uploads\/2021\/09\/PMiKNoM-ChB-202122.pdf\" target=\"_blank\" rel=\"noopener\">Syllabus<\/a><\/p>\t\t\t\t\t\t\t\t<\/div>\n\t\t\t\t<\/div>\n\t\t\t\t\t<\/div>\n\t\t<\/div>\n\t\t\t\t\t<\/div>\n\t\t<\/section>\n\t\t\t\t<\/div>\n\t\t","protected":false},"excerpt":{"rendered":"<p>Projektowanie Materia\u0142\u00f3w i Komputerowa Nauka o Materia\u0142ach Kierunek: In\u017cynieria Materia\u0142owa Poziom studi\u00f3w: Studia I stopnia Semestr: 6 Forma studi\u00f3w: Stacjonarne Odpowiedzialny za modu\u0142: Prof. dr hab. in\u017c. \u00a0Filipek Robert (rof@agh.edu.pl) Prowadz\u0105cy modu\u0142: Wyk\u0142ad: Prof. dr hab. in\u017c. Filipek Robert Seminarium: dr in\u017c. Jerzy Jasielec, dr in\u017c. Marek Zajusz Projekt: dr hab. in\u017c. Witold Kucza, dr [&hellip;]<\/p>\n","protected":false},"author":1,"featured_media":0,"parent":0,"menu_order":0,"comment_status":"closed","ping_status":"closed","template":"","meta":{"footnotes":""},"class_list":["post-2644","page","type-page","status-publish","hentry"],"_links":{"self":[{"href":"https:\/\/mim.agh.edu.pl\/index.php?rest_route=\/wp\/v2\/pages\/2644","targetHints":{"allow":["GET"]}}],"collection":[{"href":"https:\/\/mim.agh.edu.pl\/index.php?rest_route=\/wp\/v2\/pages"}],"about":[{"href":"https:\/\/mim.agh.edu.pl\/index.php?rest_route=\/wp\/v2\/types\/page"}],"author":[{"embeddable":true,"href":"https:\/\/mim.agh.edu.pl\/index.php?rest_route=\/wp\/v2\/users\/1"}],"replies":[{"embeddable":true,"href":"https:\/\/mim.agh.edu.pl\/index.php?rest_route=%2Fwp%2Fv2%2Fcomments&post=2644"}],"version-history":[{"count":32,"href":"https:\/\/mim.agh.edu.pl\/index.php?rest_route=\/wp\/v2\/pages\/2644\/revisions"}],"predecessor-version":[{"id":4090,"href":"https:\/\/mim.agh.edu.pl\/index.php?rest_route=\/wp\/v2\/pages\/2644\/revisions\/4090"}],"wp:attachment":[{"href":"https:\/\/mim.agh.edu.pl\/index.php?rest_route=%2Fwp%2Fv2%2Fmedia&parent=2644"}],"curies":[{"name":"wp","href":"https:\/\/api.w.org\/{rel}","templated":true}]}}